{"id":68,"date":"2025-11-07T08:57:39","date_gmt":"2025-11-07T08:57:39","guid":{"rendered":"http:\/\/mediactiu"},"modified":"2025-11-07T08:57:39","modified_gmt":"2025-11-07T08:57:39","slug":"politica-de-privacidad-y-proteccion-de-datos","status":"publish","type":"page","link":"https:\/\/sumapel.mediactiuweb.com\/index.php\/politica-de-privacidad-y-proteccion-de-datos\/","title":{"rendered":"Pol\u00edtica de privacidad y protecci\u00f3n de datos"},"content":{"rendered":"\n<p><\/p>\n\n\n\n<figure class=\"wp-block-table\">\n<table>\n        <tr>\n            <th>RESPONSABLE<\/th>\n            <td>COMART S.A &#8211; CIF A08186074<\/td>\n        <\/tr>\n        <tr>\n            <th>CONTACTO<\/th>\n            <td>Cr. Montmel\u00f3, 2-4 &#8211; MONTORNES DEL VALLES (Barcelona)<br>rrhh@comartsa.com &#8211; Tel. 934741160 &#8211; <a href=\"http:\/\/www.comartsa.com\/\">http:\/\/www.comartsa.com\/<\/a><\/td>\n        <\/tr>\n        <tr>\n            <th>FINALIDADES<\/th>\n            <td>\n                <strong>CONSULTAS PAGINA WEB:<\/strong> CONSULTAS PAGINA WEB<br>\n                <strong>FACTURACION A CLIENTES:<\/strong> FACTURACI\u00d3N A CLIENTES<br>\n                <strong>RECEPCI\u00d3N DE CURRICULUMS:<\/strong> RECEPCI\u00d3N DE CURRICULUMS<br>\n                <strong>TRAMITACI\u00d3N DE PRESUPUESTOS:<\/strong> TRAMITACI\u00d3N DE PRESUPUESTO<br>\n                <strong>REGISTRO DE VISITAS:<\/strong> REGISTRO DE VISITAS\n            <\/td>\n        <\/tr>\n        <tr>\n            <th>LEGITIMACI\u00d3N<\/th>\n            <td>\n                <strong>CONSULTAS PAGINA WEB:<\/strong> Inter\u00e9s leg\u00edtimo del Responsable del Tratamiento o de terceros<br>\n                <strong>FACTURACION A CLIENTES:<\/strong> Existencia de una relaci\u00f3n contractual con el interesado mediante contrato o precontrato; Inter\u00e9s leg\u00edtimo del Responsable del Tratamiento o de terceros<br>\n                <strong>RECEPCI\u00d3N DE CURRICULUMS:<\/strong> Consentimiento expl\u00edcito del interesado; Inter\u00e9s leg\u00edtimo del Responsable del Tratamiento o de terceros<br>\n                <strong>TRAMITACI\u00d3N DE PRESUPUESTOS:<\/strong> Inter\u00e9s leg\u00edtimo del Responsable del Tratamiento o de terceros<br>\n                <strong>REGISTRO DE VISITAS:<\/strong> Inter\u00e9s leg\u00edtimo del Responsable del Tratamiento o de terceros\n            <\/td>\n        <\/tr>\n        <tr>\n            <th>CONSERVACI\u00d3N<\/th>\n            <td>\n                <strong>CONSULTAS PAGINA WEB:<\/strong> Mientras no se solicite su supresi\u00f3n por el interesado<br>\n                <strong>FACTURACION A CLIENTES:<\/strong> Mientras se mantenga la relaci\u00f3n mercantil<br>\n                <strong>RECEPCI\u00d3N DE CURRICULUMS:<\/strong> Mientras no se solicite su supresi\u00f3n por el interesado<br>\n                <strong>TRAMITACI\u00d3N DE PRESUPUESTOS:<\/strong> Mientras no se solicite su supresi\u00f3n por el interesado<br>\n                <strong>REGISTRO DE VISITAS:<\/strong> Mientras no se solicite su supresi\u00f3n por el interesado\n            <\/td>\n        <\/tr>\n        <tr>\n            <th>DESTINATARIOS<\/th>\n            <td>No cedemos sus datos a terceros<\/td>\n        <\/tr>\n        <tr>\n            <th>TRANSFERENCIAS INTERNACIONALES<\/th>\n            <td>No realizamos transferencias internacionales de sus datos<\/td>\n        <\/tr>\n        <tr>\n            <th>PROCEDENCIA<\/th>\n            <td>\n                <strong>CONSULTAS PAGINA WEB:<\/strong> POTENCIALES CLIENTES: El propio interesado o su representante legal<br>\n                <strong>FACTURACION A CLIENTES:<\/strong> CLIENTES: El propio interesado o su representante legal<br>\n                <strong>RECEPCI\u00d3N DE CURRICULUMS:<\/strong> POTENCIALES TRABAJADORES: El propio interesado o su representante legal<br>\n                <strong>TRAMITACI\u00d3N DE PRESUPUESTOS:<\/strong> CLIENTES: El propio interesado o su representante legal; POTENCIALES CLIENTES: El propio interesado o su representante legal<br>\n                <strong>REGISTRO DE VISITAS:<\/strong> CLIENTES: El propio interesado o su representante legal; PROVEEDORES: El propio interesado o su representante legal; POTENCIALES TRABAJADORES: El propio interesado o su representante legal; POTENCIALES CLIENTES: El propio interesado o su representante legal\n            <\/td>\n        <\/tr>\n        <tr>\n            <th>DERECHOS<\/th>\n            <td>Usted tiene derecho acceder a sus datos, rectificarlos, suprimirlos, limitar u oponerse a su tratamiento, a su portabilidad, a retirar su consentimiento y a presentar reclamaciones ante la Autoridad de Control (Agencia Espa\u00f1ola de Protecci\u00f3n de Datos). M\u00e1s informaci\u00f3n en nuestra \u00abPol\u00edtica de Privacidad y Protecci\u00f3n de Datos\u00bb.<\/td>\n        <\/tr>\n    <\/table>\n<\/figure>\n\n\n\n<h2 class=\"wp-block-heading\">DETALLES DE NUESTRA POL\u00cdTICA DE PRIVACIDAD<\/h2>\n\n\n\n<h3 class=\"wp-block-heading\">1 .- INFORMACI\u00d3N GENERAL<\/h3>\n\n\n\n<p>La presente \u00abPol\u00edtica de Privacidad y Protecci\u00f3n de Datos\u00bb tiene como finalidad dar a conocer las condiciones que rigen la recogida y tratamiento de sus datos personales por parte de nuestra entidad o grupo corporativo para velar por los derechos fundamentales, su honor y libertades, todo ello en cumplimiento de las normativas vigentes que regulan la Protecci\u00f3n de Datos personales seg\u00fan la Uni\u00f3n Europea y el Estado Miembro espa\u00f1ol.<\/p>\n\n\n\n<p>En conformidad con dichas normativas, necesitamos disponer de su autorizaci\u00f3n y consentimiento para la recogida y el tratamiento de sus datos personales, por lo que a continuaci\u00f3n, le indicamos todos los detalles de su inter\u00e9s respecto a c\u00f3mo realizamos estos COMART S.A procesos, con qu\u00e9 finalidades, que otras entidades podr\u00edan tener acceso a sus datos y cu\u00e1les son sus derechos.<\/p>\n\n\n\n<p>Por todo lo expuesto, una vez revisada y le\u00edda nuestra Pol\u00edtica de Protecci\u00f3n de Datos, es imprescindible que la acepte en prueba de su conformidad y consentimiento.<\/p>\n\n\n\n<h3 class=\"wp-block-heading\"><strong>2.- RESPONSABLE DEL TRATAMIENTO<\/strong><\/h3>\n\n\n\n<p><strong>\u00bfQui\u00e9n recaba y trata sus datos?<\/strong><\/p>\n\n\n\n<p>El Responsable del Tratamiento de Datos es aquella persona f\u00edsica o jur\u00eddica, de naturaleza p\u00fablica o privada, u \u00f3rgano administrativo, que solo o conjuntamente con otros determine los fines y medios del tratamiento de datos personales; en caso de que los fines y medios del tratamiento est\u00e9n determinados por el Derecho de la Uni\u00f3n Europea o del Estado Miembro espa\u00f1ol. <\/p>\n\n\n\n<p>En este caso, nuestros datos identificativos como Responsable del Tratamiento son los siguientes:<\/p>\n\n\n\n<p><strong>COMART S.A &#8211; CIF A08186074<\/strong><\/p>\n\n\n\n<p><strong>\u00bfC\u00f3mo puede contactar con nosotros?<\/strong><\/p>\n\n\n\n<p>Domicilio de nuestras oficinas:<\/p>\n\n\n\n<p>Cr. Montmel\u00f3, 2-4 . 08170, MONTORNES DEL VALLES (Barcelona), Espa\u00f1a<\/p>\n\n\n\n<p>Email: rrhh@comartsa.com &#8211; Tel\u00e9fono: 934741160 <\/p>\n\n\n\n<p>Domicilio postal: Cr. Montmel\u00f3, 2-4 . 08170, MONTORNES DEL VALLES (Barcelona), Espa\u00f1a<\/p>\n\n\n\n<h3 class=\"wp-block-heading\">3.- MEDIDAS DE SEGURIDAD<\/h3>\n\n\n\n<p><strong>\u00bfQu\u00e9 hacemos para garantizar la privacidad de sus datos?<\/strong><\/p>\n\n\n\n<p>Nuestra entidad o grupo corporativo adopta las medidas organizativas y t\u00e9cnicas necesarias para garantizar la seguridad y la privacidad de sus datos, evitar su alteraci\u00f3n, p\u00e9rdida, tratamiento o acceso no autorizado, dependiendo del estado de la tecnolog\u00eda, la naturaleza de los datos almacenado y los riesgos a que est\u00e1n expuestos.<\/p>\n\n\n\n<p>Entre otras, destacan las siguientes medidas:<\/p>\n\n\n\n<ul class=\"wp-block-list\">\n<li>Garantizar la confidencialidad, integridad, disponibilidad y resiliencia permanentes de los sistemas y servicios de tratamiento.<\/li>\n\n\n\n<li>Restaurar la disponibilidad y el acceso a los datos personales de forma r\u00e1pida, en caso de incidente f\u00edsico o t\u00e9cnico.<\/li>\n\n\n\n<li>Verificar, evaluar y valorar, de forma regular, la eficacia de las medidas t\u00e9cnicas y organizativas implementadas para garantizar la seguridad del tratamiento.<\/li>\n<\/ul>\n\n\n\n<p>Seudonimizar y cifrar los datos personales, en caso de que se trate de datos sensibles.<\/p>\n\n\n\n<h3 class=\"wp-block-heading\">4.- FINALIDAD DEL TRATAMIENTO<\/h3>\n\n\n\n<p><strong>\u00bfPara qu\u00e9 queremos tratar sus datos?<\/strong><\/p>\n\n\n\n<p>Necesitamos su autorizaci\u00f3n y consentimiento para recabar y tratar sus datos personales, por lo que a continuaci\u00f3n le detallamos los usos y finalidades previstas.<\/p>\n\n\n\n<p><strong>CONSULTAS PAGINA WEB CONSULTAS PAGINA WEB<\/strong><\/p>\n\n\n\n<p>FACTURACION A CLIENTES FACTURACI\u00d3N A CLIENTES<\/p>\n\n\n\n<p>RECEPCI\u00d3N DE CURRICULUMS RECEPCI\u00d3N DE CURRICULUMS<\/p>\n\n\n\n<p>TRAMITACI\u00d3N DE PRESUPUESTOS TRAMITACI\u00d3N DE PRESUPUESTO<\/p>\n\n\n\n<p>REGISTRO DE VISITAS REGISTRO DE VISITAS<\/p>\n\n\n\n<p><strong>\u00bfDurante cu\u00e1nto tiempo conservamos sus datos?<\/strong><\/p>\n\n\n\n<p>Utilizamos sus datos durante el tiempo estrictamente necesario para cumplir las finalidades indicadas anteriormente. Salvo que exista una obligaci\u00f3n o requerimiento legal, los plazos de conservaci\u00f3n previstos son:<\/p>\n\n\n\n<p>CONSULTAS PAGINA WEB : Mientras no se solicite su supresi\u00f3n por el interesado<\/p>\n\n\n\n<p>FACTURACION A CLIENTES : Mientras se mantenga la relaci\u00f3n mercantil<\/p>\n\n\n\n<p>RECEPCI\u00d3N DE CURRICULUMS : Mientras no se solicite su supresi\u00f3n por el interesado<\/p>\n\n\n\n<p>TRAMITACI\u00d3N DE PRESUPUESTOS : Mientras no se solicite su supresi\u00f3n por el interesado<\/p>\n\n\n\n<p>REGISTRO DE VISITAS : Mientras no se solicite su supresi\u00f3n por el interesado<\/p>\n\n\n\n<h3 class=\"wp-block-heading\">5.- LEGITIMACI\u00d3N DEL TRATAMIENTO<\/h3>\n\n\n\n<p><strong>\u00bfPor qu\u00e9 tratamos sus datos?<\/strong><\/p>\n\n\n\n<p>La recogida y el tratamiento de sus datos est\u00e1 legitimado siempre por una o varias bases jur\u00eddicas, las cuales detallamos a continuaci\u00f3n:<\/p>\n\n\n\n<p>CONSULTAS PAGINA WEB: Inter\u00e9s leg\u00edtimo del Responsable del Tratamiento o de terceros<\/p>\n\n\n\n<p>FACTURACION A CLIENTES: Existencia de una relaci\u00f3n contractual con el interesado mediante contrato o precontrato ; Inter\u00e9s leg\u00edtimo del Responsable del Tratamiento o de terceros<\/p>\n\n\n\n<p>RECEPCI\u00d3N DE CURRICULUMS : Consentimiento expl\u00edcito del interesado ; Inter\u00e9s leg\u00edtimo del Responsable del Tratamiento o de terceros<\/p>\n\n\n\n<p>TRAMITACI\u00d3N DE PRESUPUESTOS: Inter\u00e9s leg\u00edtimo del Responsable del Tratamiento o de terceros<\/p>\n\n\n\n<p>REGISTRO DE VISITAS: Inter\u00e9s leg\u00edtimo del Responsable del Tratamiento o de terceros<\/p>\n\n\n\n<h3 class=\"wp-block-heading\">6.- DESTINATARIOS DE SUS DATOS<\/h3>\n\n\n\n<p><strong>\u00bfA qui\u00e9nes cedemos sus datos dentro de la Uni\u00f3n Europea?<\/strong><\/p>\n\n\n\n<p>No realizamos cesiones de sus datos a terceras personas ni entidades, salvo obligaci\u00f3n legal.<\/p>\n\n\n\n<p><strong>\u00bfRealizamos Transferencias Internacionales de sus datos fuera de la Uni\u00f3n Europea?<\/strong><\/p>\n\n\n\n<p>No realizamos transferencias internacionales de sus datos<\/p>\n\n\n\n<h3 class=\"wp-block-heading\">7.- PROCEDENCIA Y TIPOS DE DATOS TRATADOS<\/h3>\n\n\n\n<p><strong>\u00bfDe d\u00f3nde hemos obtenido sus datos?<\/strong><\/p>\n\n\n\n<p>CONSULTAS PAGINA WEB<\/p>\n\n\n\n<p>POTENCIALES CLIENTES: El propio interesado o su representante legal<\/p>\n\n\n\n<p>FACTURACION A CLIENTES<\/p>\n\n\n\n<p>CLIENTES: El propio interesado o su representante legal<\/p>\n\n\n\n<p>RECEPCI\u00d3N DE CURRICULUMS<\/p>\n\n\n\n<p>POTENCIALES TRABAJADORES: El propio interesado o su representante legal<\/p>\n\n\n\n<p>TRAMITACI\u00d3N DE PRESUPUESTOS<\/p>\n\n\n\n<p>CLIENTES: El propio interesado o su representante legal<\/p>\n\n\n\n<p>POTENCIALES CLIENTES: El propio interesado o su representante legal<\/p>\n\n\n\n<p>REGISTRO DE VISITAS<\/p>\n\n\n\n<p>CLIENTES: El propio interesado o su representante legal<\/p>\n\n\n\n<p>PROVEEDORES: El propio interesado o su representante legal<\/p>\n\n\n\n<p>POTENCIALES TRABAJADORES: El propio interesado o su representante legal<\/p>\n\n\n\n<p>POTENCIALES CLIENTES: El propio interesado o su representante legal<\/p>\n\n\n\n<p><strong>\u00bfQu\u00e9 tipos de datos suyos hemos recabado y tratamos?<\/strong><\/p>\n\n\n\n<p>CONSULTAS PAGINA WEB<\/p>\n\n\n\n<p>POTENCIALES CLIENTES<\/p>\n\n\n\n<p>Datos identificativos (Direcci\u00f3n electr\u00f3nica; Nombre y Apellidos)<\/p>\n\n\n\n<p>FACTURACION A CLIENTES<\/p>\n\n\n\n<p>CLIENTES<\/p>\n\n\n\n<p>Datos identificativos (Direcci\u00f3n electr\u00f3nica; Direcci\u00f3n postal; Firma manuscrita; NIF \/ NIE \/ Pasaporte; Nombre y Apellidos)<\/p>\n\n\n\n<p>Econ\u00f3micos, financieros y de seguros (Datos bancarios)<\/p>\n\n\n\n<p>RECEPCI\u00d3N DE CURRICULUMS<\/p>\n\n\n\n<p>POTENCIALES TRABAJADORES<\/p>\n\n\n\n<p>Datos identificativos (Direcci\u00f3n electr\u00f3nica; Tel\u00e9fono; Direcci\u00f3n postal; Firma manuscrita; Imagen; NIF \/ NIE \/ Pasaporte; Nombre y Apellidos)<\/p>\n\n\n\n<p>Acad\u00e9mico y profesionales (Titulaciones; Curr\u00edculum Vitae; Historial del estudiante)<\/p>\n\n\n\n<p>Caracter\u00edsticas personales (Fecha de nacimiento)<\/p>\n\n\n\n<p>Detalles de empleo (Puestos de trabajo; Historial del trabajador; Profesi\u00f3n)<\/p>\n\n\n\n<p>TRAMITACI\u00d3N DE PRESUPUESTOS<\/p>\n\n\n\n<p>CLIENTES<\/p>\n\n\n\n<p>Datos identificativos (Direcci\u00f3n electr\u00f3nica; Direcci\u00f3n postal; Nombre y Apellidos; NIF \/ NIE \/ Pasaporte)<\/p>\n\n\n\n<p>POTENCIALES CLIENTES<\/p>\n\n\n\n<p>Datos identificativos (Direcci\u00f3n electr\u00f3nica; Direcci\u00f3n postal; Nombre y Apellidos)<\/p>\n\n\n\n<p>REGISTRO DE VISITAS<\/p>\n\n\n\n<p>CLIENTES<\/p>\n\n\n\n<p>Datos identificativos (NIF \/ NIE \/ Pasaporte; Nombre y Apellidos; Firma manuscrita)<\/p>\n\n\n\n<p>PROVEEDORES<\/p>\n\n\n\n<p>Datos identificativos (Firma manuscrita; NIF \/ NIE \/ Pasaporte; Nombre y Apellidos)<\/p>\n\n\n\n<p><\/p>\n\n\n\n<p>POTENCIALES TRABAJADORES<\/p>\n\n\n\n<p>Datos identificativos (Firma manuscrita; NIF \/ NIE \/ Pasaporte; Nombre y Apellidos)<\/p>\n\n\n\n<p>POTENCIALES CLIENTES<\/p>\n\n\n\n<p>Datos identificativos (Nombre y Apellidos; NIF \/ NIE \/ Pasaporte; Firma manuscrita)<\/p>\n\n\n\n<h3 class=\"wp-block-heading\">8.- DERECHOS DE LOS INTERESADOS<\/h3>\n\n\n\n<p><strong>\u00bfCu\u00e1les son los derechos que le amparan?<\/strong><\/p>\n\n\n\n<p>La normativa vigente de protecci\u00f3n de datos le ampara en una serie de derechos en relaci\u00f3n al uso que le damos a sus datos.<\/p>\n\n\n\n<p>Todos y cada uno de sus derechos son unipersonales e intransferibles, es decir, que \u00fanicamente pueden ser realizados por el titular de los datos, previa comprobaci\u00f3n de su identidad.<\/p>\n\n\n\n<p>A continuaci\u00f3n, le indicamos cuales son los derechos que le asisten:<\/p>\n\n\n\n<ul class=\"wp-block-list\">\n<li>Solicitar el ACCESO a sus datos personales<\/li>\n\n\n\n<li>Solicitar la RECTIFICACION de sus datos<\/li>\n\n\n\n<li>Solicitar la SUPRESI\u00d3N o eliminaci\u00f3n de sus datos (derecho al \u00abolvido\u00bb)<\/li>\n\n\n\n<li>LIMITAR u OPONERSE al uso que le damos a sus datos<\/li>\n\n\n\n<li>Derecho a la PORTABILIDAD de sus datos para casos de servicios de telecomunicaciones o internet.<\/li>\n\n\n\n<li>Derecho a RETIRAR su consentimiento en cualquier momento<\/li>\n\n\n\n<li>Derecho a presentar una RECLAMACI\u00d3N en materia de protecci\u00f3n de datos ante la Autoridad de Control: Agencia Espa\u00f1ola de Protecci\u00f3n de Datos<\/li>\n<\/ul>\n\n\n\n<p><strong>\u00bfC\u00f3mo puede ejercer sus derechos en relaci\u00f3n a sus datos?<\/strong><\/p>\n\n\n\n<p>Para el ejercicio de sus derechos de acceso, rectificaci\u00f3n, supresi\u00f3n, limitaci\u00f3n u oposici\u00f3n, portabilidad y retirada de su consentimiento, puede hacerlo de la siguiente forma:<\/p>\n\n\n\n<p>CONSULTAS PAGINA WEB<\/p>\n\n\n\n<ul class=\"wp-block-list\">\n<li>Responsable: COMART S.A<\/li>\n\n\n\n<li>Direcci\u00f3n: Cr. Montmel\u00f3, 2-4 . 08170, MONTORNES DEL VALLES (Barcelona), Espa\u00f1a<\/li>\n\n\n\n<li>Tel\u00e9fono: 934741160<\/li>\n\n\n\n<li>E-mail: rrhh@comartsa.com<\/li>\n\n\n\n<li>P\u00e1gina web: http:\/\/www.comartsa.com\/<\/li>\n<\/ul>\n\n\n\n<p>FACTURACION A CLIENTES<\/p>\n\n\n\n<ul class=\"wp-block-list\">\n<li>Responsable: COMART S.A<\/li>\n\n\n\n<li>Direcci\u00f3n: Cr. Montmel\u00f3, 2-4 . 08170, MONTORNES DEL VALLES (Barcelona), Espa\u00f1a<\/li>\n\n\n\n<li>Tel\u00e9fono: 934741160<\/li>\n\n\n\n<li>E-mail: rrhh@comartsa.com<\/li>\n\n\n\n<li>P\u00e1gina web: http:\/\/www.comartsa.com\/<\/li>\n<\/ul>\n\n\n\n<p>RECEPCI\u00d3N DE CURRICULUMS<\/p>\n\n\n\n<ul class=\"wp-block-list\">\n<li>Responsable: COMART S.A<\/li>\n\n\n\n<li>Direcci\u00f3n: Cr. Montmel\u00f3, 2-4 . 08170, MONTORNES DEL VALLES (Barcelona), Espa\u00f1a<\/li>\n\n\n\n<li>Tel\u00e9fono: 934741160<\/li>\n\n\n\n<li>E-mail: rrhh@comartsa.com<\/li>\n\n\n\n<li>P\u00e1gina web: http:\/\/www.comartsa.com\/<\/li>\n<\/ul>\n\n\n\n<p>TRAMITACI\u00d3N DE PRESUPUESTOS<\/p>\n\n\n\n<ul class=\"wp-block-list\">\n<li>Responsable: COMART S.A<\/li>\n\n\n\n<li>Direcci\u00f3n: Cr. Montmel\u00f3, 2-4 . 08170, MONTORNES DEL VALLES (Barcelona), Espa\u00f1a<\/li>\n\n\n\n<li>Tel\u00e9fono: 934741160<\/li>\n\n\n\n<li>E-mail: rrhh@comartsa.com<\/li>\n\n\n\n<li>P\u00e1gina web: http:\/\/www.comartsa.com\/<\/li>\n<\/ul>\n\n\n\n<p>REGISTRO DE VISITAS<\/p>\n\n\n\n<ul class=\"wp-block-list\">\n<li>Responsable: COMART S.A<\/li>\n\n\n\n<li>Direcci\u00f3n: Cr. Montmel\u00f3, 2-4 . 08170, MONTORNES DEL VALLES (Barcelona), Espa\u00f1a<\/li>\n\n\n\n<li>Tel\u00e9fono: 934741160<\/li>\n\n\n\n<li>E-mail: rrhh@comartsa.com<\/li>\n\n\n\n<li>P\u00e1gina web: http:\/\/www.comartsa.com\/<\/li>\n<\/ul>\n\n\n\n<p><strong>\u00bfC\u00f3mo puede presentar una reclamaci\u00f3n?<\/strong><\/p>\n\n\n\n<p>Adem\u00e1s de los derechos que le asisten, si cree que sus datos no se est\u00e1n recabando o tratando conforme a la normativa vigente de Protecci\u00f3n de Datos, usted podr\u00e1 realizar una reclamaci\u00f3n ante la Autoridad de Control, cuyos datos de contacto indicamos a continuaci\u00f3n:<\/p>\n\n\n\n<p>Agencia Espa\u00f1ola de Protecci\u00f3n de Datos<\/p>\n\n\n\n<p>C\/. Jorge Juan, 6. 28001, Madrid (Madrid), Espa\u00f1a<\/p>\n\n\n\n<p>Email: info@aepd.es &#8211; Tel\u00e9fono: 912663517<\/p>\n\n\n\n<p>Web: https:\/\/www.aepd.es<\/p>\n\n\n\n<h3 class=\"wp-block-heading\">9.- CONSENTIMIENTO Y ACEPTACI\u00d3N<\/h3>\n\n\n\n<p>La aceptaci\u00f3n del presente documento indica que usted entiende, acepta todas las cl\u00e1usulas de nuestra pol\u00edtica de privacidad por lo que autoriza la recogida y el tratamiento de sus datos personales en estos t\u00e9rminos. Esta aceptaci\u00f3n se realiza mediante la activaci\u00f3n de la casilla de verificaci\u00f3n de \u00abLectura y Aceptaci\u00f3n\u00bb de nuestra Pol\u00edtica de Privacidad.<\/p>\n","protected":false},"excerpt":{"rendered":"<p>RESPONSABLE COMART S.A &#8211; CIF A08186074 CONTACTO Cr. Montmel\u00f3, 2-4 &#8211; MONTORNES DEL VALLES (Barcelona)rrhh@comartsa.com &#8211; Tel. 934741160 &#8211; http:\/\/www.comartsa.com\/ FINALIDADES CONSULTAS PAGINA WEB: CONSULTAS PAGINA WEB FACTURACION A CLIENTES: FACTURACI\u00d3N A CLIENTES RECEPCI\u00d3N DE CURRICULUMS: RECEPCI\u00d3N DE CURRICULUMS TRAMITACI\u00d3N DE PRESUPUESTOS: TRAMITACI\u00d3N DE PRESUPUESTO REGISTRO DE VISITAS: REGISTRO DE VISITAS LEGITIMACI\u00d3N CONSULTAS PAGINA WEB: [&hellip;]<\/p>\n","protected":false},"author":1,"featured_media":0,"parent":0,"menu_order":0,"comment_status":"closed","ping_status":"closed","template":"","meta":{"footnotes":""},"class_list":["post-68","page","type-page","status-publish","hentry"],"_links":{"self":[{"href":"https:\/\/sumapel.mediactiuweb.com\/index.php\/wp-json\/wp\/v2\/pages\/68","targetHints":{"allow":["GET"]}}],"collection":[{"href":"https:\/\/sumapel.mediactiuweb.com\/index.php\/wp-json\/wp\/v2\/pages"}],"about":[{"href":"https:\/\/sumapel.mediactiuweb.com\/index.php\/wp-json\/wp\/v2\/types\/page"}],"author":[{"embeddable":true,"href":"https:\/\/sumapel.mediactiuweb.com\/index.php\/wp-json\/wp\/v2\/users\/1"}],"replies":[{"embeddable":true,"href":"https:\/\/sumapel.mediactiuweb.com\/index.php\/wp-json\/wp\/v2\/comments?post=68"}],"version-history":[{"count":0,"href":"https:\/\/sumapel.mediactiuweb.com\/index.php\/wp-json\/wp\/v2\/pages\/68\/revisions"}],"wp:attachment":[{"href":"https:\/\/sumapel.mediactiuweb.com\/index.php\/wp-json\/wp\/v2\/media?parent=68"}],"curies":[{"name":"wp","href":"https:\/\/api.w.org\/{rel}","templated":true}]}}