{"id":58,"date":"2025-11-07T08:57:38","date_gmt":"2025-11-07T08:57:38","guid":{"rendered":"https:\/\/sumapel.mediactiuweb.com\/index.php\/contacto\/"},"modified":"2025-11-07T08:57:40","modified_gmt":"2025-11-07T08:57:40","slug":"contacto","status":"publish","type":"page","link":"https:\/\/sumapel.mediactiuweb.com\/index.php\/contacto\/","title":{"rendered":"Contacto"},"content":{"rendered":"\t\t<div data-elementor-type=\"wp-page\" data-elementor-id=\"58\" class=\"elementor elementor-58\" data-elementor-post-type=\"page\">\n\t\t\t\t<div class=\"elementor-element elementor-element-50fb7845 e-flex e-con-boxed e-con e-parent\" data-id=\"50fb7845\" data-element_type=\"container\">\n\t\t\t\t\t<div class=\"e-con-inner\">\n\t\t\t\t<div class=\"elementor-element elementor-element-4ffb8a8f elementor-widget elementor-widget-heading\" data-id=\"4ffb8a8f\" data-element_type=\"widget\" data-widget_type=\"heading.default\">\n\t\t\t\t<div class=\"elementor-widget-container\">\n\t\t\t\t\t<h2 class=\"elementor-heading-title elementor-size-default\">Contacto<\/h2>\t\t\t\t<\/div>\n\t\t\t\t<\/div>\n\t\t\t\t\t<\/div>\n\t\t\t\t<\/div>\n\t\t<div class=\"elementor-element elementor-element-1165380a e-flex e-con-boxed e-con e-parent\" data-id=\"1165380a\" data-element_type=\"container\">\n\t\t\t\t\t<div class=\"e-con-inner\">\n\t\t<div class=\"elementor-element elementor-element-1574b3b e-con-full e-flex e-con e-child\" data-id=\"1574b3b\" data-element_type=\"container\">\n\t\t\t\t<div class=\"elementor-element elementor-element-2c6bf322 elementor-widget elementor-widget-heading\" data-id=\"2c6bf322\" data-element_type=\"widget\" data-widget_type=\"heading.default\">\n\t\t\t\t<div class=\"elementor-widget-container\">\n\t\t\t\t\t<h4 class=\"elementor-heading-title elementor-size-default\">D\u00f3nde estamos<\/h4>\t\t\t\t<\/div>\n\t\t\t\t<\/div>\n\t\t\t\t<div class=\"elementor-element elementor-element-2a2be44f elementor-widget elementor-widget-text-editor\" data-id=\"2a2be44f\" data-element_type=\"widget\" data-widget_type=\"text-editor.default\">\n\t\t\t\t<div class=\"elementor-widget-container\">\n\t\t\t\t\t\t\t\t\t<p><strong>MONTORN\u00c8S DEL VALL\u00c8S<\/strong><br \/>Montmel\u00f3, 2-4<br \/>08170 Montorn\u00e8s del Vall\u00e8s<br \/>(CENTRAL)<br \/><a style=\"color: #000;\" href=\"tel:+34 934 741 160\"><sub>+34<\/sub> 934 741 160<\/a><\/p>\t\t\t\t\t\t\t\t<\/div>\n\t\t\t\t<\/div>\n\t\t\t\t<div class=\"elementor-element elementor-element-479ab861 elementor-widget elementor-widget-text-editor\" data-id=\"479ab861\" data-element_type=\"widget\" data-widget_type=\"text-editor.default\">\n\t\t\t\t<div class=\"elementor-widget-container\">\n\t\t\t\t\t\t\t\t\t<p><strong>MONTORN\u00c8S DEL VALL\u00c8S<br \/><\/strong>Edison, 1<br \/>08170 Montorn\u00e8s del Vall\u00e8s<br \/>(ALMAC\u00c9N)<br \/>\u00a0<a style=\"color: #000;\" href=\"tel:+34 934 741 160\"><sub>+34<\/sub> 934 741 160<\/a><\/p>\t\t\t\t\t\t\t\t<\/div>\n\t\t\t\t<\/div>\n\t\t\t\t<\/div>\n\t\t<div class=\"elementor-element elementor-element-1d6a2ba2 e-con-full e-flex e-con e-child\" data-id=\"1d6a2ba2\" data-element_type=\"container\">\n\t\t\t\t<div class=\"elementor-element elementor-element-7e23d960 elementor-widget elementor-widget-text-editor\" data-id=\"7e23d960\" data-element_type=\"widget\" data-widget_type=\"text-editor.default\">\n\t\t\t\t<div class=\"elementor-widget-container\">\n\t\t\t\t\t\t\t\t\t<p class=\"p1\"><strong>SESE\u00d1A<\/strong><br \/>Severo Ochoa, 22<br \/>45223<span class=\"Apple-converted-space\">\u00a0 <\/span>Sese\u00f1a (Toledo)(ALMAC\u00c9N)<br \/><a style=\"color: #000;\" href=\"tel:+34 918 936 432\"><sub>+34<\/sub> 918 936 432<\/a><\/p>\t\t\t\t\t\t\t\t<\/div>\n\t\t\t\t<\/div>\n\t\t\t\t<div class=\"elementor-element elementor-element-11423042 elementor-widget elementor-widget-text-editor\" data-id=\"11423042\" data-element_type=\"widget\" data-widget_type=\"text-editor.default\">\n\t\t\t\t<div class=\"elementor-widget-container\">\n\t\t\t\t\t\t\t\t\t<p class=\"p1\"><strong>BESAL\u00da<\/strong><br \/>Del Camp de les Forques<br \/>17850 Besal\u00fa (Girona)<br \/>(ALMAC\u00c9N)<br \/><a style=\"color: #000;\" href=\"tel:+34 934 741 160\"><sub>+34<\/sub> 934 741 160<\/a><\/p>\t\t\t\t\t\t\t\t<\/div>\n\t\t\t\t<\/div>\n\t\t\t\t<\/div>\n\t\t<div class=\"elementor-element elementor-element-78d7b597 e-con-full elementor-hidden-mobile e-flex e-con e-child\" data-id=\"78d7b597\" data-element_type=\"container\">\n\t\t\t\t<\/div>\n\t\t<div class=\"elementor-element elementor-element-79475c5 e-flex e-con-boxed e-con e-child\" data-id=\"79475c5\" data-element_type=\"container\">\n\t\t\t\t\t<div class=\"e-con-inner\">\n\t\t\t\t<div class=\"elementor-element elementor-element-1f851720 elementor-button-align-end elementor-widget elementor-widget-form\" data-id=\"1f851720\" data-element_type=\"widget\" data-settings=\"{&quot;step_next_label&quot;:&quot;Siguiente&quot;,&quot;step_previous_label&quot;:&quot;Anterior&quot;,&quot;button_width&quot;:&quot;100&quot;,&quot;step_type&quot;:&quot;number_text&quot;,&quot;step_icon_shape&quot;:&quot;circle&quot;}\" data-widget_type=\"form.default\">\n\t\t\t\t<div class=\"elementor-widget-container\">\n\t\t\t\t\t\t\t<form class=\"elementor-form\" method=\"post\" name=\"Nuevo formulario\">\n\t\t\t<input type=\"hidden\" name=\"post_id\" value=\"58\"\/>\n\t\t\t<input type=\"hidden\" name=\"form_id\" value=\"1f851720\"\/>\n\t\t\t<input type=\"hidden\" name=\"referer_title\" value=\"Contacto\" \/>\n\n\t\t\t\t\t\t\t<input type=\"hidden\" name=\"queried_id\" value=\"58\"\/>\n\t\t\t\n\t\t\t<div class=\"elementor-form-fields-wrapper elementor-labels-\">\n\t\t\t\t\t\t\t\t<div class=\"elementor-field-type-text elementor-field-group elementor-column elementor-field-group-name elementor-col-100\">\n\t\t\t\t\t\t\t\t\t\t\t\t<label for=\"form-field-name\" class=\"elementor-field-label elementor-screen-only\">\n\t\t\t\t\t\t\t\tNombre\t\t\t\t\t\t\t<\/label>\n\t\t\t\t\t\t\t\t\t\t\t\t\t\t<input size=\"1\" type=\"text\" name=\"form_fields[name]\" id=\"form-field-name\" class=\"elementor-field elementor-size-sm  elementor-field-textual\" placeholder=\"Nombre\">\n\t\t\t\t\t\t\t\t\t\t\t<\/div>\n\t\t\t\t\t\t\t\t<div class=\"elementor-field-type-email elementor-field-group elementor-column elementor-field-group-email elementor-col-100 elementor-field-required\">\n\t\t\t\t\t\t\t\t\t\t\t\t<label for=\"form-field-email\" class=\"elementor-field-label elementor-screen-only\">\n\t\t\t\t\t\t\t\tCorreo electr\u00f3nico\t\t\t\t\t\t\t<\/label>\n\t\t\t\t\t\t\t\t\t\t\t\t\t\t<input size=\"1\" type=\"email\" name=\"form_fields[email]\" id=\"form-field-email\" class=\"elementor-field elementor-size-sm  elementor-field-textual\" placeholder=\"Correo electr\u00f3nico\" required=\"required\">\n\t\t\t\t\t\t\t\t\t\t\t<\/div>\n\t\t\t\t\t\t\t\t<div class=\"elementor-field-type-text elementor-field-group elementor-column elementor-field-group-field_e5ed6ad elementor-col-100\">\n\t\t\t\t\t\t\t\t\t\t\t\t<label for=\"form-field-field_e5ed6ad\" class=\"elementor-field-label elementor-screen-only\">\n\t\t\t\t\t\t\t\tTel\u00e9fono\t\t\t\t\t\t\t<\/label>\n\t\t\t\t\t\t\t\t\t\t\t\t\t\t<input size=\"1\" type=\"text\" name=\"form_fields[field_e5ed6ad]\" id=\"form-field-field_e5ed6ad\" class=\"elementor-field elementor-size-sm  elementor-field-textual\" placeholder=\"Tel\u00e9fono\">\n\t\t\t\t\t\t\t\t\t\t\t<\/div>\n\t\t\t\t\t\t\t\t<div class=\"elementor-field-type-textarea elementor-field-group elementor-column elementor-field-group-message elementor-col-100\">\n\t\t\t\t\t\t\t\t\t\t\t\t<label for=\"form-field-message\" class=\"elementor-field-label elementor-screen-only\">\n\t\t\t\t\t\t\t\tMensaje\t\t\t\t\t\t\t<\/label>\n\t\t\t\t\t\t<textarea class=\"elementor-field-textual elementor-field  elementor-size-sm\" name=\"form_fields[message]\" id=\"form-field-message\" rows=\"5\" placeholder=\"Mensaje\"><\/textarea>\t\t\t\t<\/div>\n\t\t\t\t\t\t\t\t<div class=\"elementor-field-group elementor-column elementor-field-type-submit elementor-col-100 e-form__buttons\">\n\t\t\t\t\t<button class=\"elementor-button elementor-size-sm\" type=\"submit\">\n\t\t\t\t\t\t<span class=\"elementor-button-content-wrapper\">\n\t\t\t\t\t\t\t\t\t\t\t\t\t\t\t\t\t\t\t\t\t\t<span class=\"elementor-button-text\">enviar \u00bb<\/span>\n\t\t\t\t\t\t\t\t\t\t\t\t\t<\/span>\n\t\t\t\t\t<\/button>\n\t\t\t\t<\/div>\n\t\t\t<\/div>\n\t\t<\/form>\n\t\t\t\t\t\t<\/div>\n\t\t\t\t<\/div>\n\t\t\t\t\t<\/div>\n\t\t\t\t<\/div>\n\t\t\t\t\t<\/div>\n\t\t\t\t<\/div>\n\t\t<div class=\"elementor-element elementor-element-3e078077 e-con-full e-flex e-con e-parent\" data-id=\"3e078077\" data-element_type=\"container\">\n\t\t\t\t<div class=\"elementor-element elementor-element-6c706634 elementor-widget elementor-widget-html\" data-id=\"6c706634\" data-element_type=\"widget\" data-widget_type=\"html.default\">\n\t\t\t\t<div class=\"elementor-widget-container\">\n\t\t\t\t\t<iframe src=\"https:\/\/www.google.com\/maps\/d\/embed?mid=1zqjGvWC88AXhlo1yMwIq26xWfI7N4LU&ehbc=2E312F&noprof=1\" width=\"640\" height=\"480\"><\/iframe>\t\t\t\t<\/div>\n\t\t\t\t<\/div>\n\t\t\t\t<\/div>\n\t\t\t\t<\/div>\n\t\t","protected":false},"excerpt":{"rendered":"<p>Contacto D\u00f3nde estamos MONTORN\u00c8S DEL VALL\u00c8SMontmel\u00f3, 2-408170 Montorn\u00e8s del Vall\u00e8s(CENTRAL)+34 934 741 160 MONTORN\u00c8S DEL VALL\u00c8SEdison, 108170 Montorn\u00e8s del Vall\u00e8s(ALMAC\u00c9N)\u00a0+34 934 741 160 SESE\u00d1ASevero Ochoa, 2245223\u00a0 Sese\u00f1a (Toledo)(ALMAC\u00c9N)+34 918 936 432 BESAL\u00daDel Camp de les Forques17850 Besal\u00fa (Girona)(ALMAC\u00c9N)+34 934 741 160<\/p>\n","protected":false},"author":1,"featured_media":0,"parent":0,"menu_order":0,"comment_status":"closed","ping_status":"closed","template":"","meta":{"footnotes":""},"class_list":["post-58","page","type-page","status-publish","hentry"],"_links":{"self":[{"href":"https:\/\/sumapel.mediactiuweb.com\/index.php\/wp-json\/wp\/v2\/pages\/58","targetHints":{"allow":["GET"]}}],"collection":[{"href":"https:\/\/sumapel.mediactiuweb.com\/index.php\/wp-json\/wp\/v2\/pages"}],"about":[{"href":"https:\/\/sumapel.mediactiuweb.com\/index.php\/wp-json\/wp\/v2\/types\/page"}],"author":[{"embeddable":true,"href":"https:\/\/sumapel.mediactiuweb.com\/index.php\/wp-json\/wp\/v2\/users\/1"}],"replies":[{"embeddable":true,"href":"https:\/\/sumapel.mediactiuweb.com\/index.php\/wp-json\/wp\/v2\/comments?post=58"}],"version-history":[{"count":4,"href":"https:\/\/sumapel.mediactiuweb.com\/index.php\/wp-json\/wp\/v2\/pages\/58\/revisions"}],"predecessor-version":[{"id":88,"href":"https:\/\/sumapel.mediactiuweb.com\/index.php\/wp-json\/wp\/v2\/pages\/58\/revisions\/88"}],"wp:attachment":[{"href":"https:\/\/sumapel.mediactiuweb.com\/index.php\/wp-json\/wp\/v2\/media?parent=58"}],"curies":[{"name":"wp","href":"https:\/\/api.w.org\/{rel}","templated":true}]}}